{"id":1195,"date":"2016-08-08T15:57:16","date_gmt":"2016-08-08T15:57:16","guid":{"rendered":"https:\/\/www.kvinnojouren-ada.nu\/vald-i-en-nara-relation\/"},"modified":"2017-03-20T09:44:27","modified_gmt":"2017-03-20T09:44:27","slug":"intimate-partner-violence","status":"publish","type":"page","link":"https:\/\/www.kvinnojouren-ada.nu\/en\/intimate-partner-violence\/","title":{"rendered":"Intimate partner violence"},"content":{"rendered":"<p>Intimate partner violence refers to a situation where the abuser systematically uses different forms of abuse to exert power and control over their partner or family member. A characteristic of intimate partner violence is that the victim often has strong emotional ties to the abuser, which could make it harder to stand up against it and end the relationship. The abuse is usually done indoors and without witnesses. Intimate partner violence is not isolated incidents. It is done consistently and usually escalates over time. The abuse normally begins with subtle controlling actions and grows over time with physical and verbal abuse, threats, physical and sexual violence, as well as financial and material abuse. Normalisation of abuse is a term used to describe the processes that occur in a relationship where one party abuses the other. Intimate partner violence is not a relationship issue and the abuse is not mutual. The term intimate partner violence (also known as domestic violence) often refers to a romantic relationship, but can also take the form of one sibling abusing another, or a child abusing their parent or vice versa.<\/p>\n<p>Various forms of abuse and neglect are often committed against children and pets. It is harmful for a child to witness violence in the household, whether committed by or against someone they love. It is also harmful for a child to themselves be a direct victim of abuse. Read more about children who have experienced abuse here. Research also shows a link between abuse by or against a parent and direct abuse of the child. In other words, there is reason to suspect that a child is being subjected to abuse and\/or neglect if you learn about abuse committed by or against a person who cares for that child. Similarly, there is a link between intimate partner violence and abuse of pets or other animals, such as cattle. Being violent to or neglecting animals is one way for the abuser to threaten, intimidate and be violent against family members. Fear about what will happen to an animal can be a reason for an abuse victim to shy away from leaving the relationship.<\/p>\n<p>The model below describes the versatility and complexity created by intimate partner violence. Click on the wheel to enlarge it.<\/p>\n<p><a href=\"https:\/\/www.kvinnojouren-ada.nu\/wp-content\/uploads\/2016\/08\/maktochkontroll-grund-och-text_klar.png\"><img loading=\"lazy\" decoding=\"async\" class=\"alignnone wp-image-788\" src=\"https:\/\/www.kvinnojouren-ada.nu\/wp-content\/uploads\/2016\/08\/maktochkontroll-grund-och-text_klar-262x300.png\" alt=\"maktochkontroll-grund-och-text_klar\" width=\"272\" height=\"312\" srcset=\"https:\/\/www.kvinnojouren-ada.nu\/wp-content\/uploads\/2016\/08\/maktochkontroll-grund-och-text_klar-262x300.png 262w, https:\/\/www.kvinnojouren-ada.nu\/wp-content\/uploads\/2016\/08\/maktochkontroll-grund-och-text_klar-893x1024.png 893w, https:\/\/www.kvinnojouren-ada.nu\/wp-content\/uploads\/2016\/08\/maktochkontroll-grund-och-text_klar-624x716.png 624w, https:\/\/www.kvinnojouren-ada.nu\/wp-content\/uploads\/2016\/08\/maktochkontroll-grund-och-text_klar.png 980w\" sizes=\"auto, (max-width: 272px) 100vw, 272px\" \/><\/a><br \/>\nMany women say that it is the mental abuse and the destruction of their self-esteem that is the most difficult to handle. Examples of mental abuse include glaring, verbal attacks or the abuser giving the victim the silent treatment for several days. Physical violence can take the form of pushing, restraining, kicking, choking, using a weapon, and more. Sexual violence can be systematic rape and other types of sexual assault. In addition to psychological, physical and sexual violence, it is common for women to be subjected to financial and material abuse of various kinds. Examples of this is the abuser breaking or selling the victim&#8217;s belongings and possessions, the man not allowing the woman to have her own income, taking her money, or taking out loans in her name.<\/p>\n<p>Leaving an abusive partner may be difficult for many reasons, whether practical, emotional or safety-related. Many leave a partner several times before finally being able to leave for good. However, intimate partner violence does not necessarily end just because the romantic relationship ends. A separation could even trigger serious violence. Other events that often lead to an escalation of violence are pregnancy and the birth of a child. The types of abuse used may change after a separation. Since the conditions for being abusive change, the abuser will have to find other methods to exert power and control. The model below shows how abusive fathers can often use the children to exert power, control and abuse over the mother, and in doing so also abuse the children.<\/p>\n<p><a href=\"https:\/\/www.kvinnojouren-ada.nu\/wp-content\/uploads\/2016\/08\/postseparation-klar.png\"><img loading=\"lazy\" decoding=\"async\" class=\"alignnone wp-image-899\" src=\"https:\/\/www.kvinnojouren-ada.nu\/wp-content\/uploads\/2016\/08\/postseparation-klar-258x300.png\" alt=\"postseparation-klar\" width=\"272\" height=\"317\" srcset=\"https:\/\/www.kvinnojouren-ada.nu\/wp-content\/uploads\/2016\/08\/postseparation-klar-258x300.png 258w, https:\/\/www.kvinnojouren-ada.nu\/wp-content\/uploads\/2016\/08\/postseparation-klar-879x1024.png 879w, https:\/\/www.kvinnojouren-ada.nu\/wp-content\/uploads\/2016\/08\/postseparation-klar-624x727.png 624w, https:\/\/www.kvinnojouren-ada.nu\/wp-content\/uploads\/2016\/08\/postseparation-klar.png 2000w\" sizes=\"auto, (max-width: 272px) 100vw, 272px\" \/><\/a><br \/>\nIntimate partner violence also occurs in relationships that are not the typical male-female relationships and there are cases where women abuse men, but the most common form of intimate partner violence involves a man abusing a woman he is or was in a relationship with. Intimate partner violence affects women of all social groups, regardless of age, class, ethnicity, functionality and sexuality. Various factors such as functionality, drug\/alcohol abuse or age can mean that the abused woman is even more at-risk. Scope studies conducted in Sweden, in all of the Nordic countries, and in Europe indicate the extensive exposure of women to male violence. The 2014 study \u201cV\u00e5ld och h\u00e4lsa \u2013 En befolkningsunders\u00f6kning om kvinnors och m\u00e4ns v\u00e5ldsutsatthet samt kopplingen till h\u00e4lsa\u201d [Violence and health \u2013 A population study of women&#8217;s and men&#8217;s exposure to violence and the link to health] shows that 14% of women have at some time after their 18th birthday experienced physical abuse or threats of physical abuse while in or after ending a romantic relationship. Slagen Dam [Battered Woman], published in 2001, is the first large national study conducted in Sweden to examine the extent of male violence against women. The study shows that 35% of the women who participated in the study were subjected to some form of abuse by a former husband or cohabitee and that 11% were subjected to some form of abuse by a current husband or cohabitee. The most extensive EU-level study to date on women&#8217;s experiences of violence was published in 2014. 42,000 women from 28 countries in Europe were interviewed \u201cface to face\u201d. The report shows that 33% of women in Europe have experienced physical and\/or sexual abuse after the age of 15. This is equivalent to 62 billion women (the figure accounts for all male violence against women, including violence that occurs outside of an intimate partner relationship). The Child Abuse Prevention Committee (Kommitt\u00e9n mot barnmisshandel) estimates that one in ten children in Sweden has experienced domestic violence in the home (SOU 2001:72). Half of these children experience it frequently. Approximately half of children who have experienced violence in the home develop severe, permanent disabilities. The study \u201cV\u00e5ld och h\u00e4lsa \u2013 En befolkningsunders\u00f6kning om kvinnors och m\u00e4ns v\u00e5ldsutsatthet samt kopplingen till h\u00e4lsa\u201d from 2014 shows similar figures. 15% of the women and 13% of the men said that they had seen or heard physical violence between their parents during their childhood.<\/p>\n<p>According to the World Health Organization (WHO), being subjected to abuse from someone close to them, such as a partner, seriously jeopardises the health and safety of the victim. Beyond the direct physical harm, the systematic abuse causes mental suffering, which can lead to physical illness over time. In addition, the abuse can negatively impact the victim&#8217;s opportunities for education or work, and thereby their ability to make a living. This, in turn, impacts their living conditions and their mental and physical health.<\/p>\n","protected":false},"excerpt":{"rendered":"<p>Intimate partner violence refers to a situation where the abuser systematically uses different forms of abuse to exert power and control over their partner or family member. A characteristic of intimate partner violence is that the victim often has strong emotional ties to the abuser, which could make it harder to stand up against it [&hellip;]<\/p>\n","protected":false},"author":1,"featured_media":0,"parent":0,"menu_order":0,"comment_status":"open","ping_status":"open","template":"","meta":{"footnotes":""},"class_list":["post-1195","page","type-page","status-publish","hentry"],"yoast_head":"<!-- This site is optimized with the Yoast SEO plugin v27.5 - https:\/\/yoast.com\/product\/yoast-seo-wordpress\/ -->\n<title>Intimate partner violence - Kvinno- och tjejjouren Ada<\/title>\n<meta name=\"robots\" content=\"index, follow, max-snippet:-1, max-image-preview:large, max-video-preview:-1\" \/>\n<link rel=\"canonical\" href=\"https:\/\/www.kvinnojouren-ada.nu\/en\/intimate-partner-violence\/\" \/>\n<meta property=\"og:locale\" content=\"en_US\" \/>\n<meta property=\"og:type\" content=\"article\" \/>\n<meta property=\"og:title\" content=\"Intimate partner violence - Kvinno- och tjejjouren Ada\" \/>\n<meta property=\"og:description\" content=\"Intimate partner violence refers to a situation where the abuser systematically uses different forms of abuse to exert power and control over their partner or family member. A characteristic of intimate partner violence is that the victim often has strong emotional ties to the abuser, which could make it harder to stand up against it [&hellip;]\" \/>\n<meta property=\"og:url\" content=\"https:\/\/www.kvinnojouren-ada.nu\/en\/intimate-partner-violence\/\" \/>\n<meta property=\"og:site_name\" content=\"Kvinno- och tjejjouren Ada\" \/>\n<meta property=\"article:modified_time\" content=\"2017-03-20T09:44:27+00:00\" \/>\n<meta property=\"og:image\" content=\"https:\/\/www.kvinnojouren-ada.nu\/wp-content\/uploads\/2016\/08\/maktochkontroll-grund-och-text_klar-262x300.png\" \/>\n<meta name=\"twitter:card\" content=\"summary_large_image\" \/>\n<meta name=\"twitter:label1\" content=\"Est. reading time\" \/>\n\t<meta name=\"twitter:data1\" content=\"6 minutes\" \/>\n<script type=\"application\/ld+json\" class=\"yoast-schema-graph\">{\"@context\":\"https:\\\/\\\/schema.org\",\"@graph\":[{\"@type\":\"WebPage\",\"@id\":\"https:\\\/\\\/www.kvinnojouren-ada.nu\\\/en\\\/intimate-partner-violence\\\/\",\"url\":\"https:\\\/\\\/www.kvinnojouren-ada.nu\\\/en\\\/intimate-partner-violence\\\/\",\"name\":\"Intimate partner violence - Kvinno- och tjejjouren Ada\",\"isPartOf\":{\"@id\":\"https:\\\/\\\/www.kvinnojouren-ada.nu\\\/#website\"},\"primaryImageOfPage\":{\"@id\":\"https:\\\/\\\/www.kvinnojouren-ada.nu\\\/en\\\/intimate-partner-violence\\\/#primaryimage\"},\"image\":{\"@id\":\"https:\\\/\\\/www.kvinnojouren-ada.nu\\\/en\\\/intimate-partner-violence\\\/#primaryimage\"},\"thumbnailUrl\":\"https:\\\/\\\/www.kvinnojouren-ada.nu\\\/wp-content\\\/uploads\\\/2016\\\/08\\\/maktochkontroll-grund-och-text_klar-262x300.png\",\"datePublished\":\"2016-08-08T15:57:16+00:00\",\"dateModified\":\"2017-03-20T09:44:27+00:00\",\"breadcrumb\":{\"@id\":\"https:\\\/\\\/www.kvinnojouren-ada.nu\\\/en\\\/intimate-partner-violence\\\/#breadcrumb\"},\"inLanguage\":\"en-US\",\"potentialAction\":[{\"@type\":\"ReadAction\",\"target\":[\"https:\\\/\\\/www.kvinnojouren-ada.nu\\\/en\\\/intimate-partner-violence\\\/\"]}]},{\"@type\":\"ImageObject\",\"inLanguage\":\"en-US\",\"@id\":\"https:\\\/\\\/www.kvinnojouren-ada.nu\\\/en\\\/intimate-partner-violence\\\/#primaryimage\",\"url\":\"https:\\\/\\\/www.kvinnojouren-ada.nu\\\/wp-content\\\/uploads\\\/2016\\\/08\\\/maktochkontroll-grund-och-text_klar-262x300.png\",\"contentUrl\":\"https:\\\/\\\/www.kvinnojouren-ada.nu\\\/wp-content\\\/uploads\\\/2016\\\/08\\\/maktochkontroll-grund-och-text_klar-262x300.png\"},{\"@type\":\"BreadcrumbList\",\"@id\":\"https:\\\/\\\/www.kvinnojouren-ada.nu\\\/en\\\/intimate-partner-violence\\\/#breadcrumb\",\"itemListElement\":[{\"@type\":\"ListItem\",\"position\":1,\"name\":\"Home\",\"item\":\"https:\\\/\\\/www.kvinnojouren-ada.nu\\\/en\\\/\"},{\"@type\":\"ListItem\",\"position\":2,\"name\":\"Intimate partner violence\"}]},{\"@type\":\"WebSite\",\"@id\":\"https:\\\/\\\/www.kvinnojouren-ada.nu\\\/#website\",\"url\":\"https:\\\/\\\/www.kvinnojouren-ada.nu\\\/\",\"name\":\"Kvinno- och tjejjouren Ada\",\"description\":\"\",\"potentialAction\":[{\"@type\":\"SearchAction\",\"target\":{\"@type\":\"EntryPoint\",\"urlTemplate\":\"https:\\\/\\\/www.kvinnojouren-ada.nu\\\/?s={search_term_string}\"},\"query-input\":{\"@type\":\"PropertyValueSpecification\",\"valueRequired\":true,\"valueName\":\"search_term_string\"}}],\"inLanguage\":\"en-US\"}]}<\/script>\n<!-- \/ Yoast SEO plugin. -->","yoast_head_json":{"title":"Intimate partner violence - Kvinno- och tjejjouren Ada","robots":{"index":"index","follow":"follow","max-snippet":"max-snippet:-1","max-image-preview":"max-image-preview:large","max-video-preview":"max-video-preview:-1"},"canonical":"https:\/\/www.kvinnojouren-ada.nu\/en\/intimate-partner-violence\/","og_locale":"en_US","og_type":"article","og_title":"Intimate partner violence - Kvinno- och tjejjouren Ada","og_description":"Intimate partner violence refers to a situation where the abuser systematically uses different forms of abuse to exert power and control over their partner or family member. A characteristic of intimate partner violence is that the victim often has strong emotional ties to the abuser, which could make it harder to stand up against it [&hellip;]","og_url":"https:\/\/www.kvinnojouren-ada.nu\/en\/intimate-partner-violence\/","og_site_name":"Kvinno- och tjejjouren Ada","article_modified_time":"2017-03-20T09:44:27+00:00","og_image":[{"url":"https:\/\/www.kvinnojouren-ada.nu\/wp-content\/uploads\/2016\/08\/maktochkontroll-grund-och-text_klar-262x300.png","type":"","width":"","height":""}],"twitter_card":"summary_large_image","twitter_misc":{"Est. reading time":"6 minutes"},"schema":{"@context":"https:\/\/schema.org","@graph":[{"@type":"WebPage","@id":"https:\/\/www.kvinnojouren-ada.nu\/en\/intimate-partner-violence\/","url":"https:\/\/www.kvinnojouren-ada.nu\/en\/intimate-partner-violence\/","name":"Intimate partner violence - Kvinno- och tjejjouren Ada","isPartOf":{"@id":"https:\/\/www.kvinnojouren-ada.nu\/#website"},"primaryImageOfPage":{"@id":"https:\/\/www.kvinnojouren-ada.nu\/en\/intimate-partner-violence\/#primaryimage"},"image":{"@id":"https:\/\/www.kvinnojouren-ada.nu\/en\/intimate-partner-violence\/#primaryimage"},"thumbnailUrl":"https:\/\/www.kvinnojouren-ada.nu\/wp-content\/uploads\/2016\/08\/maktochkontroll-grund-och-text_klar-262x300.png","datePublished":"2016-08-08T15:57:16+00:00","dateModified":"2017-03-20T09:44:27+00:00","breadcrumb":{"@id":"https:\/\/www.kvinnojouren-ada.nu\/en\/intimate-partner-violence\/#breadcrumb"},"inLanguage":"en-US","potentialAction":[{"@type":"ReadAction","target":["https:\/\/www.kvinnojouren-ada.nu\/en\/intimate-partner-violence\/"]}]},{"@type":"ImageObject","inLanguage":"en-US","@id":"https:\/\/www.kvinnojouren-ada.nu\/en\/intimate-partner-violence\/#primaryimage","url":"https:\/\/www.kvinnojouren-ada.nu\/wp-content\/uploads\/2016\/08\/maktochkontroll-grund-och-text_klar-262x300.png","contentUrl":"https:\/\/www.kvinnojouren-ada.nu\/wp-content\/uploads\/2016\/08\/maktochkontroll-grund-och-text_klar-262x300.png"},{"@type":"BreadcrumbList","@id":"https:\/\/www.kvinnojouren-ada.nu\/en\/intimate-partner-violence\/#breadcrumb","itemListElement":[{"@type":"ListItem","position":1,"name":"Home","item":"https:\/\/www.kvinnojouren-ada.nu\/en\/"},{"@type":"ListItem","position":2,"name":"Intimate partner violence"}]},{"@type":"WebSite","@id":"https:\/\/www.kvinnojouren-ada.nu\/#website","url":"https:\/\/www.kvinnojouren-ada.nu\/","name":"Kvinno- och tjejjouren Ada","description":"","potentialAction":[{"@type":"SearchAction","target":{"@type":"EntryPoint","urlTemplate":"https:\/\/www.kvinnojouren-ada.nu\/?s={search_term_string}"},"query-input":{"@type":"PropertyValueSpecification","valueRequired":true,"valueName":"search_term_string"}}],"inLanguage":"en-US"}]}},"_links":{"self":[{"href":"https:\/\/www.kvinnojouren-ada.nu\/en\/wp-json\/wp\/v2\/pages\/1195","targetHints":{"allow":["GET"]}}],"collection":[{"href":"https:\/\/www.kvinnojouren-ada.nu\/en\/wp-json\/wp\/v2\/pages"}],"about":[{"href":"https:\/\/www.kvinnojouren-ada.nu\/en\/wp-json\/wp\/v2\/types\/page"}],"author":[{"embeddable":true,"href":"https:\/\/www.kvinnojouren-ada.nu\/en\/wp-json\/wp\/v2\/users\/1"}],"replies":[{"embeddable":true,"href":"https:\/\/www.kvinnojouren-ada.nu\/en\/wp-json\/wp\/v2\/comments?post=1195"}],"version-history":[{"count":1,"href":"https:\/\/www.kvinnojouren-ada.nu\/en\/wp-json\/wp\/v2\/pages\/1195\/revisions"}],"predecessor-version":[{"id":1207,"href":"https:\/\/www.kvinnojouren-ada.nu\/en\/wp-json\/wp\/v2\/pages\/1195\/revisions\/1207"}],"wp:attachment":[{"href":"https:\/\/www.kvinnojouren-ada.nu\/en\/wp-json\/wp\/v2\/media?parent=1195"}],"curies":[{"name":"wp","href":"https:\/\/api.w.org\/{rel}","templated":true}]}}